{"id":5,"date":"2020-05-12T08:27:38","date_gmt":"2020-05-12T08:27:38","guid":{"rendered":"https:\/\/london1856.test\/?page_id=4"},"modified":"2020-08-12T15:05:06","modified_gmt":"2020-08-12T15:05:06","slug":"heritage","status":"publish","type":"page","link":"https:\/\/www.london1856.com\/fr-fr\/heritage\/","title":{"rendered":"Histoire"},"content":{"rendered":"<style>\n    @media (min-width: 1440px) {\n        .slide--1739421027 {\n            background-image: url(https:\/\/wyke-1856.s3.eu-west-1.amazonaws.com\/wp-content\/uploads\/sites\/2\/2020\/07\/01110330\/heritage-1.jpg);\n            background-size: cover;\n            background-repeat: no-repeat;\n        }\n    }\n    @media (max-width: 1440px) {\n        .slide--1739421027 {\n            background-image: url(https:\/\/wyke-1856.s3.eu-west-1.amazonaws.com\/wp-content\/uploads\/sites\/2\/2020\/07\/01110330\/heritage-1.jpg);\n            background-size: cover;\n            background-repeat: no-repeat;\n        }\n    }\n    @media (max-width: 768px) {\n        .slide--1739421027 {\n            background-image: url(https:\/\/wyke-1856.s3.eu-west-1.amazonaws.com\/wp-content\/uploads\/sites\/2\/2020\/07\/01110330\/heritage-1-960x337.jpg);\n            background-size: cover;\n            background-repeat: no-repeat;\n        }\n    }\n    @media (max-width: 360px) {\n        .slide--1739421027 {\n            background-image: url(https:\/\/wyke-1856.s3.eu-west-1.amazonaws.com\/wp-content\/uploads\/sites\/2\/2020\/07\/01110330\/heritage-1-480x225.jpg);\n            background-size: cover;\n            background-repeat: no-repeat;\n        }\n    }\n<\/style><section class=\"c-hero-slider hero-slider\">\n    <div class=\"hero-slider__slide slide slide--1739421027\"><\/div>\n<\/section>\n\n<section class=\"section section--pad\">\n    <div class=\"container container--sm\">\n        <h1>Notre Histoire<\/h1>\n        <p class=\"u-text-center\">C&#8217;\u00e9tait en 1856 ; la reine Victoria \u00e9tait sur le tr\u00f4ne, Charles Dickens \u00e9crivait ses romans et la premi\u00e8re ligne de chemin de fer de Londres avait \u00e9t\u00e9 mise en service \u00e0 la gare de Castle Cary dans le Somerset rural, en Angleterre \u2013 o\u00f9 notre histoire commence.<\/p>\n    <\/div>\n\n            <div class=\"container container--no-pad-mobile page-builder-image\">\n        <img decoding=\"async\" src=\"https:\/\/wyke-1856.s3.eu-west-1.amazonaws.com\/wp-content\/uploads\/sites\/2\/2020\/07\/01110316\/heritage-main.png\"\n     data-srcset=\"https:\/\/wyke-1856.s3.eu-west-1.amazonaws.com\/wp-content\/uploads\/sites\/2\/2020\/07\/01110316\/heritage-main-600x500.png 360w,\n                https:\/\/wyke-1856.s3.eu-west-1.amazonaws.com\/wp-content\/uploads\/sites\/2\/2020\/07\/01110316\/heritage-main.png 768w,\n                https:\/\/wyke-1856.s3.eu-west-1.amazonaws.com\/wp-content\/uploads\/sites\/2\/2020\/07\/01110316\/heritage-main.png 1440w,\n                https:\/\/wyke-1856.s3.eu-west-1.amazonaws.com\/wp-content\/uploads\/sites\/2\/2020\/07\/01110316\/heritage-main.png 2000w\" \/>\n                        <div class=\"page-builder-image__bg1\" style=\"background-image: url(https:\/\/wyke-1856.s3.eu-west-1.amazonaws.com\/wp-content\/uploads\/sites\/2\/2020\/06\/24142529\/man.png); width: 263px; height: 400px;\"><\/div>\n        <div class=\"page-builder-image__bg2\" style=\"background-image: url(https:\/\/wyke-1856.s3.eu-west-1.amazonaws.com\/wp-content\/uploads\/sites\/2\/2020\/06\/24142538\/knife.png); width: 310px; height: 333px;\"><\/div>\n    <\/div>\n\n    <div class=\"container\">\n                    <div class=\"page-builder-section\">\n                <div class=\"page-builder-section__col\">\n                                                            <img decoding=\"async\" src=\"https:\/\/wyke-1856.s3.eu-west-1.amazonaws.com\/wp-content\/uploads\/sites\/2\/2020\/07\/01110418\/heritage-secondary.jpg\"\n     data-srcset=\"https:\/\/wyke-1856.s3.eu-west-1.amazonaws.com\/wp-content\/uploads\/sites\/2\/2020\/07\/01110418\/heritage-secondary-275x366.jpg 360w,\n                https:\/\/wyke-1856.s3.eu-west-1.amazonaws.com\/wp-content\/uploads\/sites\/2\/2020\/07\/01110418\/heritage-secondary.jpg 768w,\n                https:\/\/wyke-1856.s3.eu-west-1.amazonaws.com\/wp-content\/uploads\/sites\/2\/2020\/07\/01110418\/heritage-secondary.jpg 1440w,\n                https:\/\/wyke-1856.s3.eu-west-1.amazonaws.com\/wp-content\/uploads\/sites\/2\/2020\/07\/01110418\/heritage-secondary.jpg 2000w\" \/>                <\/div>\n                <div class=\"page-builder-section__col\">\n                    <p>Cette m\u00eame ann\u00e9e, notre fondateur Wilton Frank \u00e9tait sur le point de marquer l&#8217;histoire de son empreinte. Il vendait le cheddar de sa famille au c\u0153ur du Somerset depuis de nombreuses ann\u00e9es, et malgr\u00e9 son succ\u00e8s local, cet ambitieux r\u00eavait d&#8217;\u00e9largir son public. La nouvelle ligne de chemin de fer avait \u00e9veill\u00e9 l&#8217;imagination de Wilton et, quelques semaines apr\u00e8s son ouverture, il envoyait son cheddar, tr\u00e8s appr\u00e9ci\u00e9 localement, dans la capitale.<\/p>\n<p>Au cours des mois suivants, des livraisons furent effectu\u00e9es de mani\u00e8re hebdomadaire afin de r\u00e9pondre \u00e0 la demande. Une pi\u00e8ce suppl\u00e9mentaire fut m\u00eame cr\u00e9\u00e9e afin de recevoir le cheddar qui \u00e9tait destin\u00e9 \u00e0 la capitale.<\/p>\n<p>Aujourd&#8217;hui encore, le cheddar de Wilton Frank est fabriqu\u00e9 selon la recette originale et affin\u00e9 de mani\u00e8re traditionnelle. Et bien que le fromage ne soit plus transport\u00e9 par chemin de fer, nous d\u00e9clarons toujours chaque lot \u00ab pr\u00eat pour le train \u00bb avant qu&#8217;il ne quitte la ferme. Le cheddar est le fromage de choix de Londres depuis plus de 156 ans et le reste, comme on dit, appartient \u00e0 l&#8217;histoire.<\/p>\n\n                <\/div>\n            <\/div>\n            <\/div>\n<\/section>\n\n<section class=\"footer-bg\">\n            <img decoding=\"async\" src=\"https:\/\/wyke-1856.s3.eu-west-1.amazonaws.com\/wp-content\/uploads\/sites\/2\/2020\/07\/01111307\/wyke-train.png\"\n     data-srcset=\"https:\/\/wyke-1856.s3.eu-west-1.amazonaws.com\/wp-content\/uploads\/sites\/2\/2020\/07\/01111307\/wyke-train.png 360w,\n                https:\/\/wyke-1856.s3.eu-west-1.amazonaws.com\/wp-content\/uploads\/sites\/2\/2020\/07\/01111307\/wyke-train.png 768w,\n                https:\/\/wyke-1856.s3.eu-west-1.amazonaws.com\/wp-content\/uploads\/sites\/2\/2020\/07\/01111307\/wyke-train.png 1440w,\n                https:\/\/wyke-1856.s3.eu-west-1.amazonaws.com\/wp-content\/uploads\/sites\/2\/2020\/07\/01111307\/wyke-train.png 2000w\" \/><\/section>","protected":false},"excerpt":{"rendered":"","protected":false},"author":1,"featured_media":0,"parent":0,"menu_order":0,"comment_status":"closed","ping_status":"closed","template":"","meta":{"_acf_changed":false,"footnotes":""},"class_list":["post-5","page","type-page","status-publish","hentry"],"acf":[],"yoast_head":"<!-- This site is optimized with the Yoast SEO plugin v27.2 - https:\/\/yoast.com\/product\/yoast-seo-wordpress\/ -->\n<title>Histoire - London 1856 - French<\/title>\n<meta name=\"robots\" content=\"index, follow, max-snippet:-1, max-image-preview:large, max-video-preview:-1\" \/>\n<link rel=\"canonical\" href=\"https:\/\/www.london1856.com\/fr-fr\/heritage\/\" \/>\n<meta property=\"og:locale\" content=\"en_US\" \/>\n<meta property=\"og:type\" content=\"article\" \/>\n<meta property=\"og:title\" content=\"Histoire - London 1856 - French\" \/>\n<meta property=\"og:url\" content=\"https:\/\/www.london1856.com\/fr-fr\/heritage\/\" \/>\n<meta property=\"og:site_name\" content=\"London 1856 - French\" \/>\n<meta property=\"article:modified_time\" content=\"2020-08-12T15:05:06+00:00\" \/>\n<meta name=\"twitter:card\" content=\"summary_large_image\" \/>\n<script type=\"application\/ld+json\" class=\"yoast-schema-graph\">{\"@context\":\"https:\/\/schema.org\",\"@graph\":[{\"@type\":\"WebPage\",\"@id\":\"https:\/\/www.london1856.com\/fr-fr\/heritage\/\",\"url\":\"https:\/\/www.london1856.com\/fr-fr\/heritage\/\",\"name\":\"Histoire - London 1856 - French\",\"isPartOf\":{\"@id\":\"https:\/\/www.london1856.com\/fr-fr\/#website\"},\"datePublished\":\"2020-05-12T08:27:38+00:00\",\"dateModified\":\"2020-08-12T15:05:06+00:00\",\"breadcrumb\":{\"@id\":\"https:\/\/www.london1856.com\/fr-fr\/heritage\/#breadcrumb\"},\"inLanguage\":\"en-US\",\"potentialAction\":[{\"@type\":\"ReadAction\",\"target\":[\"https:\/\/www.london1856.com\/fr-fr\/heritage\/\"]}]},{\"@type\":\"BreadcrumbList\",\"@id\":\"https:\/\/www.london1856.com\/fr-fr\/heritage\/#breadcrumb\",\"itemListElement\":[{\"@type\":\"ListItem\",\"position\":1,\"name\":\"Home\",\"item\":\"https:\/\/www.london1856.com\/fr-fr\/\"},{\"@type\":\"ListItem\",\"position\":2,\"name\":\"Histoire\"}]},{\"@type\":\"WebSite\",\"@id\":\"https:\/\/www.london1856.com\/fr-fr\/#website\",\"url\":\"https:\/\/www.london1856.com\/fr-fr\/\",\"name\":\"London 1856 - French\",\"description\":\"\",\"potentialAction\":[{\"@type\":\"SearchAction\",\"target\":{\"@type\":\"EntryPoint\",\"urlTemplate\":\"https:\/\/www.london1856.com\/fr-fr\/?s={search_term_string}\"},\"query-input\":{\"@type\":\"PropertyValueSpecification\",\"valueRequired\":true,\"valueName\":\"search_term_string\"}}],\"inLanguage\":\"en-US\"}]}<\/script>\n<!-- \/ Yoast SEO plugin. -->","yoast_head_json":{"title":"Histoire - London 1856 - French","robots":{"index":"index","follow":"follow","max-snippet":"max-snippet:-1","max-image-preview":"max-image-preview:large","max-video-preview":"max-video-preview:-1"},"canonical":"https:\/\/www.london1856.com\/fr-fr\/heritage\/","og_locale":"en_US","og_type":"article","og_title":"Histoire - London 1856 - French","og_url":"https:\/\/www.london1856.com\/fr-fr\/heritage\/","og_site_name":"London 1856 - French","article_modified_time":"2020-08-12T15:05:06+00:00","twitter_card":"summary_large_image","schema":{"@context":"https:\/\/schema.org","@graph":[{"@type":"WebPage","@id":"https:\/\/www.london1856.com\/fr-fr\/heritage\/","url":"https:\/\/www.london1856.com\/fr-fr\/heritage\/","name":"Histoire - London 1856 - French","isPartOf":{"@id":"https:\/\/www.london1856.com\/fr-fr\/#website"},"datePublished":"2020-05-12T08:27:38+00:00","dateModified":"2020-08-12T15:05:06+00:00","breadcrumb":{"@id":"https:\/\/www.london1856.com\/fr-fr\/heritage\/#breadcrumb"},"inLanguage":"en-US","potentialAction":[{"@type":"ReadAction","target":["https:\/\/www.london1856.com\/fr-fr\/heritage\/"]}]},{"@type":"BreadcrumbList","@id":"https:\/\/www.london1856.com\/fr-fr\/heritage\/#breadcrumb","itemListElement":[{"@type":"ListItem","position":1,"name":"Home","item":"https:\/\/www.london1856.com\/fr-fr\/"},{"@type":"ListItem","position":2,"name":"Histoire"}]},{"@type":"WebSite","@id":"https:\/\/www.london1856.com\/fr-fr\/#website","url":"https:\/\/www.london1856.com\/fr-fr\/","name":"London 1856 - French","description":"","potentialAction":[{"@type":"SearchAction","target":{"@type":"EntryPoint","urlTemplate":"https:\/\/www.london1856.com\/fr-fr\/?s={search_term_string}"},"query-input":{"@type":"PropertyValueSpecification","valueRequired":true,"valueName":"search_term_string"}}],"inLanguage":"en-US"}]}},"_links":{"self":[{"href":"https:\/\/www.london1856.com\/fr-fr\/wp-json\/wp\/v2\/pages\/5","targetHints":{"allow":["GET"]}}],"collection":[{"href":"https:\/\/www.london1856.com\/fr-fr\/wp-json\/wp\/v2\/pages"}],"about":[{"href":"https:\/\/www.london1856.com\/fr-fr\/wp-json\/wp\/v2\/types\/page"}],"author":[{"embeddable":true,"href":"https:\/\/www.london1856.com\/fr-fr\/wp-json\/wp\/v2\/users\/1"}],"replies":[{"embeddable":true,"href":"https:\/\/www.london1856.com\/fr-fr\/wp-json\/wp\/v2\/comments?post=5"}],"version-history":[{"count":0,"href":"https:\/\/www.london1856.com\/fr-fr\/wp-json\/wp\/v2\/pages\/5\/revisions"}],"wp:attachment":[{"href":"https:\/\/www.london1856.com\/fr-fr\/wp-json\/wp\/v2\/media?parent=5"}],"curies":[{"name":"wp","href":"https:\/\/api.w.org\/{rel}","templated":true}]}}