{"id":6,"date":"2020-05-12T08:52:52","date_gmt":"2020-05-12T08:52:52","guid":{"rendered":"https:\/\/london1856.test\/?page_id=14"},"modified":"2020-07-15T14:33:03","modified_gmt":"2020-07-15T14:33:03","slug":"home","status":"publish","type":"page","link":"https:\/\/www.london1856.com\/fr-fr\/","title":{"rendered":"Home"},"content":{"rendered":"<section class=\"c-hero-slider hero-slider hero-slider--big\" data-behaviour=\"hero-slider\">\n                    <div class=\"hero-slider__slide slide slide--95300718 \">\n                                    <style>\n    @media (min-width: 1440px) {\n        .slide--95300718 {\n            background-image: url(https:\/\/wyke-1856.s3.eu-west-1.amazonaws.com\/wp-content\/uploads\/sites\/2\/2020\/06\/24130050\/wkyes_londom95098-min-3000x1350.jpg);\n            background-size: cover;\n            background-repeat: no-repeat;\n        }\n    }\n    @media (max-width: 1440px) {\n        .slide--95300718 {\n            background-image: url(https:\/\/wyke-1856.s3.eu-west-1.amazonaws.com\/wp-content\/uploads\/sites\/2\/2020\/06\/24130050\/wkyes_londom95098-min-1920x675.jpg);\n            background-size: cover;\n            background-repeat: no-repeat;\n        }\n    }\n    @media (max-width: 768px) {\n        .slide--95300718 {\n            background-image: url(https:\/\/wyke-1856.s3.eu-west-1.amazonaws.com\/wp-content\/uploads\/sites\/2\/2020\/06\/24130050\/wkyes_londom95098-min-960x337.jpg);\n            background-size: cover;\n            background-repeat: no-repeat;\n        }\n    }\n    @media (max-width: 360px) {\n        .slide--95300718 {\n            background-image: url(https:\/\/wyke-1856.s3.eu-west-1.amazonaws.com\/wp-content\/uploads\/sites\/2\/2020\/06\/24130050\/wkyes_londom95098-min-480x225.jpg);\n            background-size: cover;\n            background-repeat: no-repeat;\n        }\n    }\n<\/style>                                <\/div>\n                    <div class=\"hero-slider__slide slide slide--1857295013 \">\n                                    <style>\n    @media (min-width: 1440px) {\n        .slide--1857295013 {\n            background-image: url(https:\/\/wyke-1856.s3.eu-west-1.amazonaws.com\/wp-content\/uploads\/sites\/2\/2020\/06\/24130244\/wkyes_londom95114-min-3000x1350.jpg);\n            background-size: cover;\n            background-repeat: no-repeat;\n        }\n    }\n    @media (max-width: 1440px) {\n        .slide--1857295013 {\n            background-image: url(https:\/\/wyke-1856.s3.eu-west-1.amazonaws.com\/wp-content\/uploads\/sites\/2\/2020\/06\/24130244\/wkyes_londom95114-min-1920x675.jpg);\n            background-size: cover;\n            background-repeat: no-repeat;\n        }\n    }\n    @media (max-width: 768px) {\n        .slide--1857295013 {\n            background-image: url(https:\/\/wyke-1856.s3.eu-west-1.amazonaws.com\/wp-content\/uploads\/sites\/2\/2020\/06\/24130244\/wkyes_londom95114-min-960x337.jpg);\n            background-size: cover;\n            background-repeat: no-repeat;\n        }\n    }\n    @media (max-width: 360px) {\n        .slide--1857295013 {\n            background-image: url(https:\/\/wyke-1856.s3.eu-west-1.amazonaws.com\/wp-content\/uploads\/sites\/2\/2020\/06\/24130244\/wkyes_londom95114-min-480x225.jpg);\n            background-size: cover;\n            background-repeat: no-repeat;\n        }\n    }\n<\/style>                                <\/div>\n                    <div class=\"hero-slider__slide slide slide--756546976 \">\n                                    <style>\n    @media (min-width: 1440px) {\n        .slide--756546976 {\n            background-image: url(https:\/\/wyke-1856.s3.eu-west-1.amazonaws.com\/wp-content\/uploads\/sites\/2\/2020\/06\/24130351\/wkyes_londom94723-min-3000x1350.jpg);\n            background-size: cover;\n            background-repeat: no-repeat;\n        }\n    }\n    @media (max-width: 1440px) {\n        .slide--756546976 {\n            background-image: url(https:\/\/wyke-1856.s3.eu-west-1.amazonaws.com\/wp-content\/uploads\/sites\/2\/2020\/06\/24130351\/wkyes_londom94723-min-1920x675.jpg);\n            background-size: cover;\n            background-repeat: no-repeat;\n        }\n    }\n    @media (max-width: 768px) {\n        .slide--756546976 {\n            background-image: url(https:\/\/wyke-1856.s3.eu-west-1.amazonaws.com\/wp-content\/uploads\/sites\/2\/2020\/06\/24130351\/wkyes_londom94723-min-960x337.jpg);\n            background-size: cover;\n            background-repeat: no-repeat;\n        }\n    }\n    @media (max-width: 360px) {\n        .slide--756546976 {\n            background-image: url(https:\/\/wyke-1856.s3.eu-west-1.amazonaws.com\/wp-content\/uploads\/sites\/2\/2020\/06\/24130351\/wkyes_londom94723-min-480x225.jpg);\n            background-size: cover;\n            background-repeat: no-repeat;\n        }\n    }\n<\/style>                                <\/div>\n                    <div class=\"hero-slider__slide slide slide--1072256075 \">\n                                    <style>\n    @media (min-width: 1440px) {\n        .slide--1072256075 {\n            background-image: url(https:\/\/wyke-1856.s3.eu-west-1.amazonaws.com\/wp-content\/uploads\/sites\/2\/2020\/06\/24130453\/wkyes_londom95144-min-3000x1350.jpg);\n            background-size: cover;\n            background-repeat: no-repeat;\n        }\n    }\n    @media (max-width: 1440px) {\n        .slide--1072256075 {\n            background-image: url(https:\/\/wyke-1856.s3.eu-west-1.amazonaws.com\/wp-content\/uploads\/sites\/2\/2020\/06\/24130453\/wkyes_londom95144-min-1920x675.jpg);\n            background-size: cover;\n            background-repeat: no-repeat;\n        }\n    }\n    @media (max-width: 768px) {\n        .slide--1072256075 {\n            background-image: url(https:\/\/wyke-1856.s3.eu-west-1.amazonaws.com\/wp-content\/uploads\/sites\/2\/2020\/06\/24130453\/wkyes_londom95144-min-960x337.jpg);\n            background-size: cover;\n            background-repeat: no-repeat;\n        }\n    }\n    @media (max-width: 360px) {\n        .slide--1072256075 {\n            background-image: url(https:\/\/wyke-1856.s3.eu-west-1.amazonaws.com\/wp-content\/uploads\/sites\/2\/2020\/06\/24130453\/wkyes_londom95144-min-480x225.jpg);\n            background-size: cover;\n            background-repeat: no-repeat;\n        }\n    }\n<\/style>                                <\/div>\n    <\/section>\n\n\n                \n\n<section class=\"c-products section section--pad\">\n    <div class=\"container u-rel\">\n        <h1>\u00c8ventail de Produits<\/h1>\n        <p class=\"u-text-center container container--sm\">Chaque vari\u00e9t\u00e9 London 1856 est unique. Bien qu&#8217;ils soient tous fabriqu\u00e9s selon la m\u00eame recette vieille de 200 ans, c&#8217;est le temps que nous leur laissons pour m\u00fbrir qui donne \u00e0 chaque bloc son caract\u00e8re unique. <\/p>\n\n        <div class=\"products products--sm\">\n            <div class=\"products__grid\">\n\n                            <div class=\"product product--sm\">\n                    <img decoding=\"async\" src=\"https:\/\/wyke-1856.s3.eu-west-1.amazonaws.com\/wp-content\/uploads\/sites\/2\/2020\/06\/24144417\/Mild.png\" class=\"product__image\" alt=\"\">\n                    <p class=\"product__age product__info\">Vieilli pendant 60 Jours<\/p>\n                    <p class=\"product__name product__info\">Cheddar Doux<\/p>\n                <\/div>\n                            <div class=\"product product--sm\">\n                    <img decoding=\"async\" src=\"https:\/\/wyke-1856.s3.eu-west-1.amazonaws.com\/wp-content\/uploads\/sites\/2\/2020\/06\/24144938\/mature.png\" class=\"product__image\" alt=\"\">\n                    <p class=\"product__age product__info\">Vieilli pendant 150 Jours<\/p>\n                    <p class=\"product__name product__info\">Cheddar Mature<\/p>\n                <\/div>\n                            <div class=\"product product--sm\">\n                    <img decoding=\"async\" src=\"https:\/\/wyke-1856.s3.eu-west-1.amazonaws.com\/wp-content\/uploads\/sites\/2\/2020\/06\/24150212\/extra-mature.png\" class=\"product__image\" alt=\"\">\n                    <p class=\"product__age product__info\">Vieilli pendant 300 Jours<\/p>\n                    <p class=\"product__name product__info\">Cheddar Extra Mature<\/p>\n                <\/div>\n                            <div class=\"product product--sm\">\n                    <img decoding=\"async\" src=\"https:\/\/wyke-1856.s3.eu-west-1.amazonaws.com\/wp-content\/uploads\/sites\/2\/2020\/06\/24150954\/vintage.png\" class=\"product__image\" alt=\"\">\n                    <p class=\"product__age product__info\"> Vieilli pendant 500 Jours<\/p>\n                    <p class=\"product__name product__info\">Cheddar Vintage<\/p>\n                <\/div>\n                    <\/div>\n        <\/div>\n        <div class=\"u-text-center\">\n                                <a href=\"\/fr-fr\/products\" class=\"button button--neg\"> Voir la Gamme<\/a>\n            \n\n        <\/div>\n                                <div class=\"products__bg1\" style=\"background-image: url(https:\/\/wyke-1856.s3.eu-west-1.amazonaws.com\/wp-content\/uploads\/sites\/2\/2020\/06\/24142529\/man.png); width: 263px; height: 400px;\"><\/div>\n                                        <div class=\"products__bg2\" style=\"background-image: url(https:\/\/wyke-1856.s3.eu-west-1.amazonaws.com\/wp-content\/uploads\/sites\/2\/2020\/06\/24142538\/knife.png); width: 310px; height: 333px;\"><\/div>\n            <\/div>\n<\/section>\n\n\n<section class=\"c-recipes section section--linen section--pad\" style=\"background-image:url('https:\/\/wyke-1856.s3.eu-west-1.amazonaws.com\/wp-content\/uploads\/sites\/2\/2020\/07\/06113424\/Faded-Train-1.png')\">\n    <div class=\"container\">\n        <h2>Nos Recettes<\/h2>\n        <div class=\"recipes\">\n                            <div class=\"recipe u-text-center\">\n    <img decoding=\"async\" src=\"https:\/\/wyke-1856.s3.eu-west-1.amazonaws.com\/wp-content\/uploads\/sites\/2\/2020\/05\/01142801\/wkyes_londom94988-min-scaled-e1593613768428.jpg\" class=\"recipe__image\" alt=\"\">\n    <p class=\"recipe__name\">Chou-fleur et Brocoli au Fromage<\/p>\n    <a target=\"_blank\" class=\"button button--neg recipe__button\" href=\"https:\/\/wyke-1856.s3.eu-west-1.amazonaws.com\/wp-content\/uploads\/sites\/2\/2020\/05\/09170725\/Wyke-Farms-_Website-Recipe-Cards_French_Chou-fleur-et-brocoli-au-fromage-%C3%A0-l%E2%80%99ail-aux-herbes-et-chapelure-au-levain-v2.pdf\">T\u00e9l\u00e9charger la Recette <\/a>\n<\/div>                            <div class=\"recipe u-text-center\">\n    <img decoding=\"async\" src=\"https:\/\/wyke-1856.s3.eu-west-1.amazonaws.com\/wp-content\/uploads\/sites\/2\/2020\/07\/01143325\/wkyes_londom94863-min-scaled-e1593614038494.jpg\" class=\"recipe__image\" alt=\"\">\n    <p class=\"recipe__name\">G\u00e2teaux au Fromage, aux Poireaux et aux Pommes de Terre<\/p>\n    <a target=\"_blank\" class=\"button button--neg recipe__button\" href=\"https:\/\/wyke-1856.s3.eu-west-1.amazonaws.com\/wp-content\/uploads\/sites\/2\/2020\/07\/09194051\/Wyke-Farms-_Website-Recipe-Cards_G%C3%A2teaux-au-fromage-aux-poireaux-et-aux-pommes-de-terre-avec-des-%C5%93ufs-au-plat-et-du-jambon-de-Parme-croustillant-v2.pdf\">T\u00e9l\u00e9charger la Recette <\/a>\n<\/div>                            <div class=\"recipe u-text-center\">\n    <img decoding=\"async\" src=\"https:\/\/wyke-1856.s3.eu-west-1.amazonaws.com\/wp-content\/uploads\/sites\/2\/2020\/07\/01143538\/wkyes_londom94823-min-scaled-e1593614164427.jpg\" class=\"recipe__image\" alt=\"\">\n    <p class=\"recipe__name\">Saumon fum\u00e9, Cresson et Quiche au Cheddar<\/p>\n    <a target=\"_blank\" class=\"button button--neg recipe__button\" href=\"https:\/\/wyke-1856.s3.eu-west-1.amazonaws.com\/wp-content\/uploads\/sites\/2\/2020\/07\/09194001\/Wyke-Farms-_Website-Recipe-Cards_French_Quiche-au-saumon-fum%C3%A9-cresson-et-cheddar-v2.pdf\">T\u00e9l\u00e9charger la Recette <\/a>\n<\/div>                    <\/div>\n        <div class=\"u-text-center\">\n                            <a href=\"\/fr-fr\/recipes\" class=\"button button--neg\"> Voir Toutes les Recettes<\/a>\n            \n        <\/div>\n    <\/div>\n<\/section>\n\n\n\n","protected":false},"excerpt":{"rendered":"","protected":false},"author":1,"featured_media":0,"parent":0,"menu_order":0,"comment_status":"closed","ping_status":"closed","template":"","meta":{"_acf_changed":false,"footnotes":""},"class_list":["post-6","page","type-page","status-publish","hentry"],"acf":[],"yoast_head":"<!-- This site is optimized with the Yoast SEO plugin v27.2 - https:\/\/yoast.com\/product\/yoast-seo-wordpress\/ -->\n<title>Home - London 1856 - French<\/title>\n<meta name=\"robots\" content=\"index, follow, max-snippet:-1, max-image-preview:large, max-video-preview:-1\" \/>\n<link rel=\"canonical\" href=\"https:\/\/www.london1856.com\/fr-fr\/\" \/>\n<meta property=\"og:locale\" content=\"en_US\" \/>\n<meta property=\"og:type\" content=\"article\" \/>\n<meta property=\"og:title\" content=\"Home - London 1856 - French\" \/>\n<meta property=\"og:url\" content=\"https:\/\/www.london1856.com\/fr-fr\/\" \/>\n<meta property=\"og:site_name\" content=\"London 1856 - French\" \/>\n<meta property=\"article:modified_time\" content=\"2020-07-15T14:33:03+00:00\" \/>\n<meta name=\"twitter:card\" content=\"summary_large_image\" \/>\n<script type=\"application\/ld+json\" class=\"yoast-schema-graph\">{\"@context\":\"https:\/\/schema.org\",\"@graph\":[{\"@type\":\"WebPage\",\"@id\":\"https:\/\/www.london1856.com\/fr-fr\/\",\"url\":\"https:\/\/www.london1856.com\/fr-fr\/\",\"name\":\"Home - London 1856 - French\",\"isPartOf\":{\"@id\":\"https:\/\/www.london1856.com\/fr-fr\/#website\"},\"datePublished\":\"2020-05-12T08:52:52+00:00\",\"dateModified\":\"2020-07-15T14:33:03+00:00\",\"breadcrumb\":{\"@id\":\"https:\/\/www.london1856.com\/fr-fr\/#breadcrumb\"},\"inLanguage\":\"en-US\",\"potentialAction\":[{\"@type\":\"ReadAction\",\"target\":[\"https:\/\/www.london1856.com\/fr-fr\/\"]}]},{\"@type\":\"BreadcrumbList\",\"@id\":\"https:\/\/www.london1856.com\/fr-fr\/#breadcrumb\",\"itemListElement\":[{\"@type\":\"ListItem\",\"position\":1,\"name\":\"Home\",\"item\":\"https:\/\/www.london1856.com\/fr-fr\/\"},{\"@type\":\"ListItem\",\"position\":2,\"name\":\"Home\"}]},{\"@type\":\"WebSite\",\"@id\":\"https:\/\/www.london1856.com\/fr-fr\/#website\",\"url\":\"https:\/\/www.london1856.com\/fr-fr\/\",\"name\":\"London 1856 - French\",\"description\":\"\",\"potentialAction\":[{\"@type\":\"SearchAction\",\"target\":{\"@type\":\"EntryPoint\",\"urlTemplate\":\"https:\/\/www.london1856.com\/fr-fr\/?s={search_term_string}\"},\"query-input\":{\"@type\":\"PropertyValueSpecification\",\"valueRequired\":true,\"valueName\":\"search_term_string\"}}],\"inLanguage\":\"en-US\"}]}<\/script>\n<!-- \/ Yoast SEO plugin. -->","yoast_head_json":{"title":"Home - London 1856 - French","robots":{"index":"index","follow":"follow","max-snippet":"max-snippet:-1","max-image-preview":"max-image-preview:large","max-video-preview":"max-video-preview:-1"},"canonical":"https:\/\/www.london1856.com\/fr-fr\/","og_locale":"en_US","og_type":"article","og_title":"Home - London 1856 - French","og_url":"https:\/\/www.london1856.com\/fr-fr\/","og_site_name":"London 1856 - French","article_modified_time":"2020-07-15T14:33:03+00:00","twitter_card":"summary_large_image","schema":{"@context":"https:\/\/schema.org","@graph":[{"@type":"WebPage","@id":"https:\/\/www.london1856.com\/fr-fr\/","url":"https:\/\/www.london1856.com\/fr-fr\/","name":"Home - London 1856 - French","isPartOf":{"@id":"https:\/\/www.london1856.com\/fr-fr\/#website"},"datePublished":"2020-05-12T08:52:52+00:00","dateModified":"2020-07-15T14:33:03+00:00","breadcrumb":{"@id":"https:\/\/www.london1856.com\/fr-fr\/#breadcrumb"},"inLanguage":"en-US","potentialAction":[{"@type":"ReadAction","target":["https:\/\/www.london1856.com\/fr-fr\/"]}]},{"@type":"BreadcrumbList","@id":"https:\/\/www.london1856.com\/fr-fr\/#breadcrumb","itemListElement":[{"@type":"ListItem","position":1,"name":"Home","item":"https:\/\/www.london1856.com\/fr-fr\/"},{"@type":"ListItem","position":2,"name":"Home"}]},{"@type":"WebSite","@id":"https:\/\/www.london1856.com\/fr-fr\/#website","url":"https:\/\/www.london1856.com\/fr-fr\/","name":"London 1856 - French","description":"","potentialAction":[{"@type":"SearchAction","target":{"@type":"EntryPoint","urlTemplate":"https:\/\/www.london1856.com\/fr-fr\/?s={search_term_string}"},"query-input":{"@type":"PropertyValueSpecification","valueRequired":true,"valueName":"search_term_string"}}],"inLanguage":"en-US"}]}},"_links":{"self":[{"href":"https:\/\/www.london1856.com\/fr-fr\/wp-json\/wp\/v2\/pages\/6","targetHints":{"allow":["GET"]}}],"collection":[{"href":"https:\/\/www.london1856.com\/fr-fr\/wp-json\/wp\/v2\/pages"}],"about":[{"href":"https:\/\/www.london1856.com\/fr-fr\/wp-json\/wp\/v2\/types\/page"}],"author":[{"embeddable":true,"href":"https:\/\/www.london1856.com\/fr-fr\/wp-json\/wp\/v2\/users\/1"}],"replies":[{"embeddable":true,"href":"https:\/\/www.london1856.com\/fr-fr\/wp-json\/wp\/v2\/comments?post=6"}],"version-history":[{"count":0,"href":"https:\/\/www.london1856.com\/fr-fr\/wp-json\/wp\/v2\/pages\/6\/revisions"}],"wp:attachment":[{"href":"https:\/\/www.london1856.com\/fr-fr\/wp-json\/wp\/v2\/media?parent=6"}],"curies":[{"name":"wp","href":"https:\/\/api.w.org\/{rel}","templated":true}]}}